{"id":624,"date":"2017-08-16T00:59:36","date_gmt":"2017-08-16T03:59:36","guid":{"rendered":"http:\/\/www.politicaeprocesso.ufpr.br\/?page_id=624"},"modified":"2021-06-06T16:58:31","modified_gmt":"2021-06-06T19:58:31","slug":"banco-de-casos","status":"publish","type":"page","link":"http:\/\/www.politicaeprocesso.ufpr.br\/index.php\/banco-de-casos\/","title":{"rendered":"Banco de casos"},"content":{"rendered":"<div id=\"pl-624\"  class=\"panel-layout\" ><div id=\"pg-624-0\"  class=\"panel-grid panel-has-style\" ><div class=\"siteorigin-panels-stretch panel-row-style panel-row-style-for-624-0\" style=\"text-align: center;padding: 80px 0; \" data-stretch-type=\"full\" data-overlay=\"true\" ><div id=\"pgc-624-0-0\"  class=\"panel-grid-cell\" ><div id=\"panel-624-0-0-0\" class=\"so-panel widget widget_sow-editor panel-first-child panel-last-child\" data-index=\"0\" ><div style=\"text-align: left;\" data-title-color=\"#443f3f\" data-headings-color=\"#443f3f\" class=\"panel-widget-style panel-widget-style-for-624-0-0-0\" ><div class=\"so-widget-sow-editor so-widget-sow-editor-base\">\n<div class=\"siteorigin-widget-tinymce textwidget\">\n\t<p>\u00a0<\/p>\n<h5 style=\"text-align: center;\">Nosso banco de casos \u00e9 um reposit\u00f3rio de processos coletivos,\u00a0<br \/>com destaque especial para a divulga\u00e7\u00e3o de lit\u00edgios estruturais.<\/h5>\n<h5 style=\"text-align: center;\">Coordenado pelo Prof. S\u00e9rgio Arenhart e pela pesquisadora Marcella Ferraro,<br \/>est\u00e1 em constante constru\u00e7\u00e3o e recebe significativas\u00a0contribui\u00e7\u00f5es\u00a0\u00a0<br \/>do projeto de extens\u00e3o Observat\u00f3rio de Processos Coletivos.\u00a0<\/h5>\n<h5 style=\"text-align: center;\">Veja os\u00a0<a href=\"http:\/\/www.politicaeprocesso.ufpr.br\/index.php\/caso\">\u00faltimos registros<\/a>, fa\u00e7a uma\u00a0<a href=\"http:\/\/www.politicaeprocesso.ufpr.br\/index.php\/busca-banco-de-casos\/\">busca<\/a>\u00a0ou\u00a0explore abaixo por tem\u00e1tica.<\/h5>\n<h5 style=\"text-align: center;\">Sugest\u00f5es? Entre em <a href=\"http:\/\/www.politicaeprocesso.ufpr.br\/index.php\/contato\/\">contato<\/a>!<\/h5>\n<\/div>\n<\/div><\/div><\/div><\/div><\/div><\/div><div id=\"pg-624-1\"  class=\"panel-grid panel-has-style\" ><div class=\"siteorigin-panels-stretch panel-row-style panel-row-style-for-624-1\" style=\"text-align: center;padding: 100px 0; \" data-stretch-type=\"full\" data-overlay=\"true\" data-overlay-color=\"#000000\" ><div id=\"pgc-624-1-0\"  class=\"panel-grid-cell\" ><div id=\"panel-624-1-0-0\" class=\"so-panel widget widget_sow-features panel-first-child panel-last-child\" data-index=\"1\" ><div style=\"text-align: left;\" data-title-color=\"#443f3f\" data-headings-color=\"#443f3f\" class=\"panel-widget-style panel-widget-style-for-624-1-0-0\" ><div class=\"so-widget-sow-features so-widget-sow-features-default-7911815d35e5-624\">\n<div class=\"sow-features-list sow-features-responsive\">\n\n\t\t\t\n\t\t\t<div class=\"sow-features-feature sow-icon-container-position-top \" style=\"width: 20%\">\n\n\t\t\t\t<a href=\"http:\/\/www.politicaeprocesso.ufpr.br\/index.php\/tematicas\/assistencia-social\/\" >\t\t\t\t<div\n\t\t\t\t\tclass=\"sow-icon-container sow-container-rounded-square\"\n                    style=\"color: #f4b300; \"\n\t\t\t\t\t>\n\t\t\t\t\t<span class=\"sow-icon-fontawesome sow-far\" data-sow-icon=\"&#xf2b5;\"\n\t\tstyle=\"font-size: 30px; color: #FFFFFF\" ><\/span>\t\t\t\t<\/div>\n\t\t\t\t<\/a>\n\t\t\t\t<div class=\"textwidget\">\n\t\t\t\t\t\t\t\t\t\t\t<h6>\n\t\t\t\t\t\t\t\t\t\t\t\t\t\tASSIST\u00caNCIA SOCIAL\t\t\t\t\t\t\t\t\t\t\t\t\t<\/h6>\n\t\t\t\t\t\n\t\t\t\t\t\n\t\t\t\t\t\t\t\t\t<\/div>\n\t\t\t<\/div>\n\n\t\t\n\t\t\t<div class=\"sow-features-feature sow-icon-container-position-top \" style=\"width: 20%\">\n\n\t\t\t\t<a href=\"http:\/\/www.politicaeprocesso.ufpr.br\/index.php\/tematicas\/consumidor\/\" >\t\t\t\t<div\n\t\t\t\t\tclass=\"sow-icon-container sow-container-rounded-square\"\n                    style=\"color: #f4b300; \"\n\t\t\t\t\t>\n\t\t\t\t\t<span class=\"sow-icon-fontawesome sow-far\" data-sow-icon=\"&#xf09d;\"\n\t\tstyle=\"font-size: 30px; color: #FFFFFF\" ><\/span>\t\t\t\t<\/div>\n\t\t\t\t<\/a>\n\t\t\t\t<div class=\"textwidget\">\n\t\t\t\t\t\t\t\t\t\t\t<h6>\n\t\t\t\t\t\t\t\t\t\t\t\t\t\tCONSUMIDOR\t\t\t\t\t\t\t\t\t\t\t\t\t<\/h6>\n\t\t\t\t\t\n\t\t\t\t\t\n\t\t\t\t\t\t\t\t\t<\/div>\n\t\t\t<\/div>\n\n\t\t\n\t\t\t<div class=\"sow-features-feature sow-icon-container-position-top \" style=\"width: 20%\">\n\n\t\t\t\t<a href=\"http:\/\/www.politicaeprocesso.ufpr.br\/index.php\/tematicas\/crianca-e-adolescente\/\" >\t\t\t\t<div\n\t\t\t\t\tclass=\"sow-icon-container sow-container-rounded-square\"\n                    style=\"color: #f4b300; \"\n\t\t\t\t\t>\n\t\t\t\t\t<span class=\"sow-icon-fontawesome sow-fas\" data-sow-icon=\"&#xf1ae;\"\n\t\tstyle=\"font-size: 30px; color: #FFFFFF\" ><\/span>\t\t\t\t<\/div>\n\t\t\t\t<\/a>\n\t\t\t\t<div class=\"textwidget\">\n\t\t\t\t\t\t\t\t\t\t\t<h6>\n\t\t\t\t\t\t\t\t\t\t\t\t\t\tCRIAN\u00c7A E ADOLESCENTE \t\t\t\t\t\t\t\t\t\t\t\t\t<\/h6>\n\t\t\t\t\t\n\t\t\t\t\t\n\t\t\t\t\t\t\t\t\t<\/div>\n\t\t\t<\/div>\n\n\t\t\n\t\t\t<div class=\"sow-features-feature sow-icon-container-position-top \" style=\"width: 20%\">\n\n\t\t\t\t<a href=\"http:\/\/www.politicaeprocesso.ufpr.br\/index.php\/tematicas\/educacao\/\" >\t\t\t\t<div\n\t\t\t\t\tclass=\"sow-icon-container sow-container-rounded-square\"\n                    style=\"color: #f4b300; \"\n\t\t\t\t\t>\n\t\t\t\t\t<span class=\"sow-icon-fontawesome sow-fas\" data-sow-icon=\"&#xf19d;\"\n\t\tstyle=\"font-size: 30px; color: #FFFFFF\" ><\/span>\t\t\t\t<\/div>\n\t\t\t\t<\/a>\n\t\t\t\t<div class=\"textwidget\">\n\t\t\t\t\t\t\t\t\t\t\t<h6>\n\t\t\t\t\t\t\t\t\t\t\t\t\t\tEDUCA\u00c7\u00c3O\t\t\t\t\t\t\t\t\t\t\t\t\t<\/h6>\n\t\t\t\t\t\n\t\t\t\t\t\n\t\t\t\t\t\t\t\t\t<\/div>\n\t\t\t<\/div>\n\n\t\t\n\t\t\t<div class=\"sow-features-feature sow-icon-container-position-top \" style=\"width: 20%\">\n\n\t\t\t\t<a href=\"http:\/\/www.politicaeprocesso.ufpr.br\/index.php\/aguarde\/\" >\t\t\t\t<div\n\t\t\t\t\tclass=\"sow-icon-container sow-container-rounded-square\"\n                    style=\"color: #f4b300; \"\n\t\t\t\t\t>\n\t\t\t\t\t<span class=\"sow-icon-fontawesome sow-fas\" data-sow-icon=\"&#xf0c0;\"\n\t\tstyle=\"font-size: 30px; color: #FFFFFF\" ><\/span>\t\t\t\t<\/div>\n\t\t\t\t<\/a>\n\t\t\t\t<div class=\"textwidget\">\n\t\t\t\t\t\t\t\t\t\t\t<h6>\n\t\t\t\t\t\t\t\t\t\t\t\t\t\tPESSOAS IDOSAS\t\t\t\t\t\t\t\t\t\t\t\t\t<\/h6>\n\t\t\t\t\t\n\t\t\t\t\t\n\t\t\t\t\t\t\t\t\t<\/div>\n\t\t\t<\/div>\n\n\t\t\n\t\t\t<div class=\"sow-features-feature sow-icon-container-position-top \" style=\"width: 20%\">\n\n\t\t\t\t<a href=\"http:\/\/www.politicaeprocesso.ufpr.br\/index.php\/tematicas\/indigenas-quilombolas-e-comunidades-tradicionais\/\" >\t\t\t\t<div\n\t\t\t\t\tclass=\"sow-icon-container sow-container-rounded-square\"\n                    style=\"color: #f4b300; \"\n\t\t\t\t\t>\n\t\t\t\t\t<span class=\"sow-icon-fontawesome sow-fas\" data-sow-icon=\"&#xf0ac;\"\n\t\tstyle=\"font-size: 30px; color: #FFFFFF\" ><\/span>\t\t\t\t<\/div>\n\t\t\t\t<\/a>\n\t\t\t\t<div class=\"textwidget\">\n\t\t\t\t\t\t\t\t\t\t\t<h6>\n\t\t\t\t\t\t\t\t\t\t\t\t\t\tIND\u00cdGENAS, QUILOMBOLAS, COMUNIDADES TRADICIONAIS\t\t\t\t\t\t\t\t\t\t\t\t\t<\/h6>\n\t\t\t\t\t\n\t\t\t\t\t\n\t\t\t\t\t\t\t\t\t<\/div>\n\t\t\t<\/div>\n\n\t\t\n\t\t\t<div class=\"sow-features-feature sow-icon-container-position-top \" style=\"width: 20%\">\n\n\t\t\t\t<a href=\"http:\/\/www.politicaeprocesso.ufpr.br\/index.php\/tematicas\/meio-ambiente\/\" >\t\t\t\t<div\n\t\t\t\t\tclass=\"sow-icon-container sow-container-rounded-square\"\n                    style=\"color: #f4b300; \"\n\t\t\t\t\t>\n\t\t\t\t\t<span class=\"sow-icon-fontawesome sow-fas\" data-sow-icon=\"&#xf06c;\"\n\t\tstyle=\"font-size: 30px; color: #FFFFFF\" ><\/span>\t\t\t\t<\/div>\n\t\t\t\t<\/a>\n\t\t\t\t<div class=\"textwidget\">\n\t\t\t\t\t\t\t\t\t\t\t<h6>\n\t\t\t\t\t\t\t\t\t\t\t\t\t\tMEIO AMBIENTE\t\t\t\t\t\t\t\t\t\t\t\t\t<\/h6>\n\t\t\t\t\t\n\t\t\t\t\t\n\t\t\t\t\t\t\t\t\t<\/div>\n\t\t\t<\/div>\n\n\t\t\n\t\t\t<div class=\"sow-features-feature sow-icon-container-position-top \" style=\"width: 20%\">\n\n\t\t\t\t<a href=\"http:\/\/www.politicaeprocesso.ufpr.br\/index.php\/tematicas\/moradia\/\" >\t\t\t\t<div\n\t\t\t\t\tclass=\"sow-icon-container sow-container-rounded-square\"\n                    style=\"color: #f4b300; \"\n\t\t\t\t\t>\n\t\t\t\t\t<span class=\"sow-icon-fontawesome sow-fas\" data-sow-icon=\"&#xe065;\"\n\t\tstyle=\"font-size: 30px; color: #FFFFFF\" ><\/span>\t\t\t\t<\/div>\n\t\t\t\t<\/a>\n\t\t\t\t<div class=\"textwidget\">\n\t\t\t\t\t\t\t\t\t\t\t<h6>\n\t\t\t\t\t\t\t\t\t\t\t\t\t\tMORADIA \t\t\t\t\t\t\t\t\t\t\t\t\t<\/h6>\n\t\t\t\t\t\n\t\t\t\t\t\n\t\t\t\t\t\t\t\t\t<\/div>\n\t\t\t<\/div>\n\n\t\t\n\t\t\t<div class=\"sow-features-feature sow-icon-container-position-top \" style=\"width: 20%\">\n\n\t\t\t\t<a href=\"http:\/\/www.politicaeprocesso.ufpr.br\/index.php\/tematicas\/ordem-financeira-economica-tributaria\/\" >\t\t\t\t<div\n\t\t\t\t\tclass=\"sow-icon-container sow-container-rounded-square\"\n                    style=\"color: #f4b300; \"\n\t\t\t\t\t>\n\t\t\t\t\t<span class=\"sow-icon-fontawesome sow-fas\" data-sow-icon=\"&#xf0d6;\"\n\t\tstyle=\"font-size: 30px; color: #FFFFFF\" ><\/span>\t\t\t\t<\/div>\n\t\t\t\t<\/a>\n\t\t\t\t<div class=\"textwidget\">\n\t\t\t\t\t\t\t\t\t\t\t<h6>\n\t\t\t\t\t\t\t\t\t\t\t\t\t\tORDEM FINANCEIRA, ECON\u00d4MICA, TRIBUT\u00c1RIA\t\t\t\t\t\t\t\t\t\t\t\t\t<\/h6>\n\t\t\t\t\t\n\t\t\t\t\t\n\t\t\t\t\t\t\t\t\t<\/div>\n\t\t\t<\/div>\n\n\t\t\n\t\t\t<div class=\"sow-features-feature sow-icon-container-position-top \" style=\"width: 20%\">\n\n\t\t\t\t<a href=\"http:\/\/www.politicaeprocesso.ufpr.br\/index.php\/tematicas\/pessoas-com-deficiencia\/\" >\t\t\t\t<div\n\t\t\t\t\tclass=\"sow-icon-container sow-container-rounded-square\"\n                    style=\"color: #f4b300; \"\n\t\t\t\t\t>\n\t\t\t\t\t<span class=\"sow-icon-fontawesome sow-fas\" data-sow-icon=\"&#xf29d;\"\n\t\tstyle=\"font-size: 30px; color: #FFFFFF\" ><\/span>\t\t\t\t<\/div>\n\t\t\t\t<\/a>\n\t\t\t\t<div class=\"textwidget\">\n\t\t\t\t\t\t\t\t\t\t\t<h6>\n\t\t\t\t\t\t\t\t\t\t\t\t\t\tPESSOAS COM DEFICI\u00caNCIA\t\t\t\t\t\t\t\t\t\t\t\t\t<\/h6>\n\t\t\t\t\t\n\t\t\t\t\t\n\t\t\t\t\t\t\t\t\t<\/div>\n\t\t\t<\/div>\n\n\t\t\n\t\t\t<div class=\"sow-features-feature sow-icon-container-position-top sow-features-feature-last-row\" style=\"width: 20%\">\n\n\t\t\t\t<a href=\"http:\/\/www.politicaeprocesso.ufpr.br\/index.php\/tematicas\/previdencia-social\/\" >\t\t\t\t<div\n\t\t\t\t\tclass=\"sow-icon-container sow-container-rounded-square\"\n                    style=\"color: #f4b300; \"\n\t\t\t\t\t>\n\t\t\t\t\t<span class=\"sow-icon-fontawesome sow-fas\" data-sow-icon=\"&#xf073;\"\n\t\tstyle=\"font-size: 30px; color: #FFFFFF\" ><\/span>\t\t\t\t<\/div>\n\t\t\t\t<\/a>\n\t\t\t\t<div class=\"textwidget\">\n\t\t\t\t\t\t\t\t\t\t\t<h6>\n\t\t\t\t\t\t\t\t\t\t\t\t\t\tPREVID\u00caNCIA SOCIAL\t\t\t\t\t\t\t\t\t\t\t\t\t<\/h6>\n\t\t\t\t\t\n\t\t\t\t\t\n\t\t\t\t\t\t\t\t\t<\/div>\n\t\t\t<\/div>\n\n\t\t\n\t\t\t<div class=\"sow-features-feature sow-icon-container-position-top sow-features-feature-last-row\" style=\"width: 20%\">\n\n\t\t\t\t<a href=\"http:\/\/www.politicaeprocesso.ufpr.br\/index.php\/tematicas\/saude\/\" >\t\t\t\t<div\n\t\t\t\t\tclass=\"sow-icon-container sow-container-rounded-square\"\n                    style=\"color: #f4b300; \"\n\t\t\t\t\t>\n\t\t\t\t\t<span class=\"sow-icon-fontawesome sow-fas\" data-sow-icon=\"&#xf1ad;\"\n\t\tstyle=\"font-size: 30px; color: #FFFFFF\" ><\/span>\t\t\t\t<\/div>\n\t\t\t\t<\/a>\n\t\t\t\t<div class=\"textwidget\">\n\t\t\t\t\t\t\t\t\t\t\t<h6>\n\t\t\t\t\t\t\t\t\t\t\t\t\t\tSA\u00daDE\t\t\t\t\t\t\t\t\t\t\t\t\t<\/h6>\n\t\t\t\t\t\n\t\t\t\t\t\n\t\t\t\t\t\t\t\t\t<\/div>\n\t\t\t<\/div>\n\n\t\t\n\t\t\t<div class=\"sow-features-feature sow-icon-container-position-top sow-features-feature-last-row\" style=\"width: 20%\">\n\n\t\t\t\t<a href=\"http:\/\/www.politicaeprocesso.ufpr.br\/index.php\/tematicas\/sistema-penal\/\" >\t\t\t\t<div\n\t\t\t\t\tclass=\"sow-icon-container sow-container-rounded-square\"\n                    style=\"color: #f4b300; \"\n\t\t\t\t\t>\n\t\t\t\t\t<span class=\"sow-icon-fontawesome sow-fas\" data-sow-icon=\"&#xf24e;\"\n\t\tstyle=\"font-size: 30px; color: #FFFFFF\" ><\/span>\t\t\t\t<\/div>\n\t\t\t\t<\/a>\n\t\t\t\t<div class=\"textwidget\">\n\t\t\t\t\t\t\t\t\t\t\t<h6>\n\t\t\t\t\t\t\t\t\t\t\t\t\t\tSISTEMA PENAL\t\t\t\t\t\t\t\t\t\t\t\t\t<\/h6>\n\t\t\t\t\t\n\t\t\t\t\t\n\t\t\t\t\t\t\t\t\t<\/div>\n\t\t\t<\/div>\n\n\t\t\n\t\t\t<div class=\"sow-features-feature sow-icon-container-position-top sow-features-feature-last-row\" style=\"width: 20%\">\n\n\t\t\t\t<a href=\"http:\/\/www.politicaeprocesso.ufpr.br\/index.php\/tematicas\/transito-e-transporte\/\" >\t\t\t\t<div\n\t\t\t\t\tclass=\"sow-icon-container sow-container-rounded-square\"\n                    style=\"color: #f4b300; \"\n\t\t\t\t\t>\n\t\t\t\t\t<span class=\"sow-icon-fontawesome sow-fas\" data-sow-icon=\"&#xf55e;\"\n\t\tstyle=\"font-size: 30px; color: #FFFFFF\" ><\/span>\t\t\t\t<\/div>\n\t\t\t\t<\/a>\n\t\t\t\t<div class=\"textwidget\">\n\t\t\t\t\t\t\t\t\t\t\t<h6>\n\t\t\t\t\t\t\t\t\t\t\t\t\t\tTR\u00c2NSITO E TRANSPORTE \t\t\t\t\t\t\t\t\t\t\t\t\t<\/h6>\n\t\t\t\t\t\n\t\t\t\t\t\n\t\t\t\t\t\t\t\t\t<\/div>\n\t\t\t<\/div>\n\n\t\t\n\t\t\t<div class=\"sow-features-feature sow-icon-container-position-top sow-features-feature-last-row\" style=\"width: 20%\">\n\n\t\t\t\t<a href=\"http:\/\/www.politicaeprocesso.ufpr.br\/index.php\/tematicas\/saneamento-basico-urbanismo\/\" >\t\t\t\t<div\n\t\t\t\t\tclass=\"sow-icon-container sow-container-rounded-square\"\n                    style=\"color: #f4b300; \"\n\t\t\t\t\t>\n\t\t\t\t\t<span class=\"sow-icon-fontawesome sow-fas\" data-sow-icon=\"&#xf2cc;\"\n\t\tstyle=\"font-size: 30px; color: #FFFFFF\" ><\/span>\t\t\t\t<\/div>\n\t\t\t\t<\/a>\n\t\t\t\t<div class=\"textwidget\">\n\t\t\t\t\t\t\t\t\t\t\t<h6>\n\t\t\t\t\t\t\t\t\t\t\t\t\t\tSANEAMENTO B\u00c1SICO E URBANISMO\t\t\t\t\t\t\t\t\t\t\t\t\t<\/h6>\n\t\t\t\t\t\n\t\t\t\t\t\n\t\t\t\t\t\t\t\t\t<\/div>\n\t\t\t<\/div>\n\n\t\t\t\n<\/div>\n<\/div><\/div><\/div><\/div><\/div><\/div><\/div>","protected":false},"excerpt":{"rendered":"<p>\u00a0 Nosso banco de casos \u00e9 um reposit\u00f3rio de processos coletivos,\u00a0com destaque especial para a divulga\u00e7\u00e3o de lit\u00edgios estruturais. Coordenado pelo Prof. S\u00e9rgio Arenhart e pela pesquisadora Marcella Ferraro,est\u00e1 em constante constru\u00e7\u00e3o e recebe significativas\u00a0contribui\u00e7\u00f5es\u00a0\u00a0do projeto de extens\u00e3o Observat\u00f3rio de Processos Coletivos.\u00a0 Veja os\u00a0\u00faltimos registros, fa\u00e7a uma\u00a0busca\u00a0ou\u00a0explore abaixo por tem\u00e1tica. Sugest\u00f5es? Entre em contato!<\/p>\n","protected":false},"author":1,"featured_media":0,"parent":0,"menu_order":0,"comment_status":"closed","ping_status":"closed","template":"page-templates\/page_front-page.php","meta":[],"categories":[],"tags":[],"material":[],"_links":{"self":[{"href":"http:\/\/www.politicaeprocesso.ufpr.br\/index.php\/wp-json\/wp\/v2\/pages\/624"}],"collection":[{"href":"http:\/\/www.politicaeprocesso.ufpr.br\/index.php\/wp-json\/wp\/v2\/pages"}],"about":[{"href":"http:\/\/www.politicaeprocesso.ufpr.br\/index.php\/wp-json\/wp\/v2\/types\/page"}],"author":[{"embeddable":true,"href":"http:\/\/www.politicaeprocesso.ufpr.br\/index.php\/wp-json\/wp\/v2\/users\/1"}],"replies":[{"embeddable":true,"href":"http:\/\/www.politicaeprocesso.ufpr.br\/index.php\/wp-json\/wp\/v2\/comments?post=624"}],"version-history":[{"count":97,"href":"http:\/\/www.politicaeprocesso.ufpr.br\/index.php\/wp-json\/wp\/v2\/pages\/624\/revisions"}],"predecessor-version":[{"id":1997,"href":"http:\/\/www.politicaeprocesso.ufpr.br\/index.php\/wp-json\/wp\/v2\/pages\/624\/revisions\/1997"}],"wp:attachment":[{"href":"http:\/\/www.politicaeprocesso.ufpr.br\/index.php\/wp-json\/wp\/v2\/media?parent=624"}],"wp:term":[{"taxonomy":"category","embeddable":true,"href":"http:\/\/www.politicaeprocesso.ufpr.br\/index.php\/wp-json\/wp\/v2\/categories?post=624"},{"taxonomy":"post_tag","embeddable":true,"href":"http:\/\/www.politicaeprocesso.ufpr.br\/index.php\/wp-json\/wp\/v2\/tags?post=624"},{"taxonomy":"material","embeddable":true,"href":"http:\/\/www.politicaeprocesso.ufpr.br\/index.php\/wp-json\/wp\/v2\/material?post=624"}],"curies":[{"name":"wp","href":"https:\/\/api.w.org\/{rel}","templated":true}]}}