{"id":140,"date":"2016-12-11T17:15:58","date_gmt":"2016-12-11T19:15:58","guid":{"rendered":"http:\/\/www.politicaeprocesso.ufpr.br\/?page_id=140"},"modified":"2021-09-19T18:17:00","modified_gmt":"2021-09-19T21:17:00","slug":"inicial-estatica","status":"publish","type":"page","link":"http:\/\/www.politicaeprocesso.ufpr.br\/","title":{"rendered":"Inicial est\u00e1tica"},"content":{"rendered":"<div id=\"pl-140\"  class=\"panel-layout\" ><div id=\"pg-140-0\"  class=\"panel-grid panel-has-style\" ><div class=\"siteorigin-panels-stretch panel-row-style panel-row-style-for-140-0\" style=\"padding: 0px 0; \" data-stretch-type=\"full\" data-overlay=\"true\" ><div id=\"pgc-140-0-0\"  class=\"panel-grid-cell panel-grid-cell-empty\" ><\/div><\/div><\/div><div id=\"pg-140-1\"  class=\"panel-grid panel-has-style\" ><div class=\"siteorigin-panels-stretch panel-row-style panel-row-style-for-140-1\" style=\"text-align: center;padding: 80px 0; \" data-stretch-type=\"full\" data-overlay=\"true\" ><div id=\"pgc-140-1-0\"  class=\"panel-grid-cell\" ><div id=\"panel-140-1-0-0\" class=\"so-panel widget widget_sow-editor panel-first-child panel-last-child\" data-index=\"0\" ><div style=\"text-align: left;\" data-title-color=\"#443f3f\" data-headings-color=\"#443f3f\" class=\"panel-widget-style panel-widget-style-for-140-1-0-0\" ><div class=\"so-widget-sow-editor so-widget-sow-editor-base\">\n<div class=\"siteorigin-widget-tinymce textwidget\">\n\t<h5 style=\"text-align: center;\"><span style=\"color: #f4b300;\"><strong>ACOMPANHE NOSSAS ATIVIDADES:\u00a0<\/strong><\/span><\/h5>\n<p style=\"text-align: center;\"><a href=\"https:\/\/www.facebook.com\/Institutodeprocesso\/\"><i class=\"wp-svg-facebook-2 facebook-2\"><\/i> Facebook<\/a>\u00a0 |\u00a0<a href=\"https:\/\/www.instagram.com\/comparadoufpr\/\" target=\"_blank\" rel=\"noopener\"><i class=\"wp-svg-instagram instagram\"><\/i>\u00a0Instagram<\/a> |\u00a0<a href=\"https:\/\/www.youtube.com\/channel\/UCoLRqzv0TF4GJbvbBrTGQFA\" target=\"_blank\" rel=\"noopener\"><i class=\"wp-svg-youtube youtube\"><\/i> Youtube<\/a>\u00a0 |\u00a0\u00a0<a href=\"https:\/\/anchor.fm\/na-estante-do-processo\" target=\"_blank\" rel=\"noopener\"><i class=\"wp-svg-podcast podcast\"><\/i> Podcast<\/a><\/p>\n<\/div>\n<\/div><\/div><\/div><\/div><\/div><\/div><div id=\"pg-140-2\"  class=\"panel-grid panel-has-style\" ><div class=\"siteorigin-panels-stretch panel-row-style panel-row-style-for-140-2\" style=\"text-align: center;padding: 0px 0; \" data-stretch-type=\"full\" data-overlay=\"true\" ><div id=\"pgc-140-2-0\"  class=\"panel-grid-cell\" ><div id=\"panel-140-2-0-0\" class=\"so-panel widget widget_sow-editor panel-first-child panel-last-child\" data-index=\"1\" ><div class=\"panel-widget-style panel-widget-style-for-140-2-0-0\" ><div class=\"so-widget-sow-editor so-widget-sow-editor-base\">\n<div class=\"siteorigin-widget-tinymce textwidget\">\n\t<hr \/>\n<\/div>\n<\/div><\/div><\/div><\/div><\/div><\/div><div id=\"pg-140-3\"  class=\"panel-grid panel-has-style\" ><div class=\"siteorigin-panels-stretch panel-row-style panel-row-style-for-140-3\" style=\"text-align: center;padding: 80px 0; \" data-stretch-type=\"full\" data-overlay=\"true\" ><div id=\"pgc-140-3-0\"  class=\"panel-grid-cell\" ><div id=\"panel-140-3-0-0\" class=\"so-panel widget widget_sow-editor panel-first-child panel-last-child\" data-index=\"2\" ><div style=\"text-align: left;\" data-title-color=\"#443f3f\" data-headings-color=\"#443f3f\" class=\"panel-widget-style panel-widget-style-for-140-3-0-0\" ><div class=\"so-widget-sow-editor so-widget-sow-editor-base\">\n<div class=\"siteorigin-widget-tinymce textwidget\">\n\t<p><a href=\"http:\/\/www.politicaeprocesso.ufpr.br\/index.php\/materiais\/\"><img loading=\"lazy\" class=\"aligncenter wp-image-397\" src=\"http:\/\/www.politicaeprocesso.ufpr.br\/wp-content\/uploads\/2017\/02\/livro2.jpg\" alt=\"livro2\" width=\"270\" height=\"166\" srcset=\"http:\/\/www.politicaeprocesso.ufpr.br\/wp-content\/uploads\/2017\/02\/livro2.jpg 300w, http:\/\/www.politicaeprocesso.ufpr.br\/wp-content\/uploads\/2017\/02\/livro2-230x142.jpg 230w\" sizes=\"(max-width: 270px) 100vw, 270px\" \/><\/a><\/p>\n<h5 style=\"text-align: center;\"><span style=\"color: #f4b300;\"><strong>MATERIAIS<\/strong><\/span><\/h5>\n<p style=\"text-align: center;\">Divulga\u00e7\u00e3o de legisla\u00e7\u00e3o, decis\u00f5es e audi\u00eancias p\u00fablicas, al\u00e9m de publica\u00e7\u00f5es acad\u00eamicas.<\/p>\n<\/div>\n<\/div><\/div><\/div><\/div><div id=\"pgc-140-3-1\"  class=\"panel-grid-cell\" ><div id=\"panel-140-3-1-0\" class=\"so-panel widget widget_sow-editor panel-first-child panel-last-child\" data-index=\"3\" ><div style=\"text-align: left;\" data-title-color=\"#443f3f\" data-headings-color=\"#443f3f\" class=\"panel-widget-style panel-widget-style-for-140-3-1-0\" ><div class=\"so-widget-sow-editor so-widget-sow-editor-base\">\n<div class=\"siteorigin-widget-tinymce textwidget\">\n\t<p><a href=\"http:\/\/www.politicaeprocesso.ufpr.br\/index.php\/banco-de-casos\/\"><img loading=\"lazy\" class=\"aligncenter wp-image-398\" src=\"http:\/\/www.politicaeprocesso.ufpr.br\/wp-content\/uploads\/2017\/02\/pasta2-300x185.jpg\" alt=\"pasta2\" width=\"269\" height=\"166\" srcset=\"http:\/\/www.politicaeprocesso.ufpr.br\/wp-content\/uploads\/2017\/02\/pasta2.jpg 300w, http:\/\/www.politicaeprocesso.ufpr.br\/wp-content\/uploads\/2017\/02\/pasta2-230x142.jpg 230w\" sizes=\"(max-width: 269px) 100vw, 269px\" \/><\/a><\/p>\n<h5 style=\"text-align: center;\"><span style=\"color: #f4b300;\"><strong>BANCO DE CASOS<\/strong><\/span><\/h5>\n<p style=\"text-align: center;\">Reposit\u00f3rio de processos coletivos, com especial destaque para lit\u00edgios estruturais.<\/p>\n<\/div>\n<\/div><\/div><\/div><\/div><div id=\"pgc-140-3-2\"  class=\"panel-grid-cell\" ><div id=\"panel-140-3-2-0\" class=\"so-panel widget widget_sow-editor panel-first-child panel-last-child\" data-index=\"4\" ><div style=\"text-align: left;\" data-title-color=\"#443f3f\" data-headings-color=\"#443f3f\" class=\"panel-widget-style panel-widget-style-for-140-3-2-0\" ><div class=\"so-widget-sow-editor so-widget-sow-editor-base\">\n<div class=\"siteorigin-widget-tinymce textwidget\">\n\t<p style=\"text-align: center;\"><a href=\"http:\/\/www.politicaeprocesso.ufpr.br\/?post_type=tribe_events&amp;tribe_event_display=month\"><img loading=\"lazy\" class=\"aligncenter wp-image-399\" src=\"http:\/\/www.politicaeprocesso.ufpr.br\/wp-content\/uploads\/2017\/02\/calendario2-300x185.jpg\" alt=\"calendario2\" width=\"269\" height=\"166\" srcset=\"http:\/\/www.politicaeprocesso.ufpr.br\/wp-content\/uploads\/2017\/02\/calendario2.jpg 300w, http:\/\/www.politicaeprocesso.ufpr.br\/wp-content\/uploads\/2017\/02\/calendario2-230x142.jpg 230w\" sizes=\"(max-width: 269px) 100vw, 269px\" \/><\/a><\/p>\n<h5 style=\"text-align: center;\"><span style=\"color: #f4b300;\"><strong>EVENTOS<\/strong><\/span><\/h5>\n<p style=\"text-align: center;\">Divulga\u00e7\u00e3o de eventos externos ou com a participa\u00e7\u00e3o de integrantes do grupo.<\/p>\n<\/div>\n<\/div><\/div><\/div><\/div><\/div><\/div><div id=\"pg-140-4\"  class=\"panel-grid panel-has-style\" ><div class=\"siteorigin-panels-stretch panel-row-style panel-row-style-for-140-4\" style=\"text-align: center;padding: 0px 0; \" data-stretch-type=\"full\" data-overlay=\"true\" ><div id=\"pgc-140-4-0\"  class=\"panel-grid-cell\" ><div id=\"panel-140-4-0-0\" class=\"so-panel widget widget_sow-editor panel-first-child panel-last-child\" data-index=\"5\" ><div class=\"panel-widget-style panel-widget-style-for-140-4-0-0\" ><div class=\"so-widget-sow-editor so-widget-sow-editor-base\">\n<div class=\"siteorigin-widget-tinymce textwidget\">\n\t<hr \/>\n<\/div>\n<\/div><\/div><\/div><\/div><\/div><\/div><div id=\"pg-140-5\"  class=\"panel-grid panel-has-style\" ><div class=\"siteorigin-panels-stretch panel-row-style panel-row-style-for-140-5\" style=\"padding: 0px 0; \" data-stretch-type=\"full\" data-overlay=\"true\" ><div id=\"pgc-140-5-0\"  class=\"panel-grid-cell\" ><div id=\"panel-140-5-0-0\" class=\"so-panel widget widget_sydney_latest_news sydney_latest_news_widget panel-first-child panel-last-child\" data-index=\"6\" >\t\t\r\n\t\t\t\t\t<div class=\"blog-post col-md-4 col-sm-6 col-xs-12\">\r\n\t\t\t\t\t\t\t\t\t\r\n\t\t\t<h4 class=\"entry-title\"><a href=\"http:\/\/www.politicaeprocesso.ufpr.br\/index.php\/processo-digital-acoes-do-conselho-nacional-de-justica-cnj\/\" rel=\"bookmark\">Processo digital: a\u00e7\u00f5es do Conselho Nacional de Justi\u00e7a (CNJ)<\/a><\/h4>\t\t\t\t<div class=\"entry-summary\"><p>O Poder Judici\u00e1rio tem caminhado, h\u00e1 alguns anos, rumo ao desenvolvimento e \u00e0 implementa\u00e7\u00e3o de programas de intelig\u00eancia artificial e para a virtualiza\u00e7\u00e3o do atendimento ao p\u00fablico e aos advogados. O Conselho Nacional de Justi\u00e7a (CNJ) tem regulamentado e, em certa medida, fomentado este processo. A pandemia da COVID-19 acelerou o cronograma e provocou uma [&hellip;]<\/p>\n<\/div>\r\n\t\t\t<\/div>\r\n\t\t\t\t\t<div class=\"blog-post col-md-4 col-sm-6 col-xs-12\">\r\n\t\t\t\t\t\t\t\t\t\r\n\t\t\t<h4 class=\"entry-title\"><a href=\"http:\/\/www.politicaeprocesso.ufpr.br\/index.php\/justica-federal-realizara-audiencia-publica-virtual-sobre-a-implementacao-de-servicos-residenciais-terapeuticos-srts-no-parana-30-03-2021\/\" rel=\"bookmark\">Justi\u00e7a Federal realizar\u00e1 audi\u00eancia p\u00fablica virtual sobre a implementa\u00e7\u00e3o de servi\u00e7os residenciais terap\u00eauticos (SRTs) no Paran\u00e1 \u2013 30\/03\/2021<\/a><\/h4>\t\t\t\t<div class=\"entry-summary\"><p>Em 30\/03\/2021, \u00e0s 14h, a Justi\u00e7a Federal do Paran\u00e1 (1.\u00aa Vara Federal de Curitiba) realizar\u00e1 audi\u00eancia p\u00fablica virtual para discuss\u00e3o da implementa\u00e7\u00e3o do servi\u00e7o residencial terap\u00eautico (SRTs) no Estado do Paran\u00e1, em cumprimento de senten\u00e7a que julgou procedente pedido formulado pela Defensoria P\u00fablica da Uni\u00e3o. Conforme consignado no edital de convoca\u00e7\u00e3o da audi\u00eancia, o ato [&hellip;]<\/p>\n<\/div>\r\n\t\t\t<\/div>\r\n\t\t\t\t\t<div class=\"blog-post col-md-4 col-sm-6 col-xs-12\">\r\n\t\t\t\t\t\t\t\t\t\r\n\t\t\t<h4 class=\"entry-title\"><a href=\"http:\/\/www.politicaeprocesso.ufpr.br\/index.php\/governo-federal-lanca-plataforma-de-negociacao-online-centrais-de-negociacao-da-procuradoria-geral-da-uniao-cn-pgu\/\" rel=\"bookmark\">Governo Federal lan\u00e7a plataforma de negocia\u00e7\u00e3o online &#8211; Centrais de Negocia\u00e7\u00e3o da Procuradoria-Geral da Uni\u00e3o (CN\/PGU)<\/a><\/h4>\t\t\t\t<div class=\"entry-summary\"><p>O Governo Federal lan\u00e7ou plataforma de negocia\u00e7\u00e3o online para previnir ou disputas judiciais ou extrajudiciais, no programa Centrais de Negocia\u00e7\u00e3o da Procuradoria-Geral da Uni\u00e3o.\u00a0A plataforma online n\u00e3o pode ser utilizada, por\u00e9m, para disputas de natureza tribut\u00e1ria, ou que envolvam o INSS, demais autarquias e empresas estatais federais. O programa das centrais de negocia\u00e7\u00e3o foi criado [&hellip;]<\/p>\n<\/div>\r\n\t\t\t<\/div>\r\n\t\t\r\n\t\t\t\t\t\t\t<a href=\"http:\/\/www.politicaeprocesso.ufpr.br\/index.php\/category\/materiais\/\" class=\"roll-button more-button\">MAIS MATERIAIS<\/a>\r\n\t\t\t\t\r\n\t<\/div><\/div><\/div><\/div><div id=\"pg-140-6\"  class=\"panel-grid panel-has-style\" ><div class=\"siteorigin-panels-stretch panel-row-style panel-row-style-for-140-6\" style=\"text-align: center;padding: 0px 0; \" data-stretch-type=\"full\" data-overlay=\"true\" ><div id=\"pgc-140-6-0\"  class=\"panel-grid-cell\" ><div id=\"panel-140-6-0-0\" class=\"so-panel widget widget_sow-editor panel-first-child panel-last-child\" data-index=\"7\" ><div class=\"panel-widget-style panel-widget-style-for-140-6-0-0\" ><div class=\"so-widget-sow-editor so-widget-sow-editor-base\">\n<div class=\"siteorigin-widget-tinymce textwidget\">\n\t<hr \/>\n<p>\u00a0<\/p>\n<\/div>\n<\/div><\/div><\/div><\/div><\/div><\/div><div id=\"pg-140-7\"  class=\"panel-grid panel-has-style\" ><div class=\"siteorigin-panels-stretch panel-row-style panel-row-style-for-140-7\" style=\"padding: 0px 0; \" data-stretch-type=\"full\" data-overlay=\"true\" ><div id=\"pgc-140-7-0\"  class=\"panel-grid-cell\" ><div id=\"panel-140-7-0-0\" class=\"so-panel widget widget_dpe_fp_widget panel-first-child panel-last-child\" data-index=\"8\" ><div class=\"panel-widget-style panel-widget-style-for-140-7-0-0\" ><h3 class=\"widget-title\">Casos: \u00faltimos registros<\/h3>\t<ul class=\"dpe-flexible-posts\">\n\t\t\t<li id=\"post-1808\" class=\"post-1808 caso type-caso status-publish hentry category-casos tematicas-sistema-penal ano-inicial-120 fase-encerrado tecnica-processual-apresentacao-de-plano-para-cumprimento-da-decisao tecnica-processual-audiencia-de-instrucao tecnica-processual-audiencia-de-mediacao-ou-conciliacao tecnica-processual-inspecao-judicial tecnica-processual-multa-coercitiva material-casos competencia-justica-federal polo-ativo-ministerio-publico polo-passivo-ente-federativo tipos-de-decisao-julgamento abrangencia-local classe-processual-acao-civil-publica\">\n\t\t\t<a href=\"http:\/\/www.politicaeprocesso.ufpr.br\/index.php\/caso\/acp-da-delegacia-de-policia-federal-de-londrina-pr\/\">\n\t\t\t\t\t\t\t\t<h4 class=\"title\"><span style=\"color: #f4b300;\">ACP da Delegacia de Pol\u00edcia Federal de Londrina (PR)<\/span><\/h4>\n\t\t\t<\/a>\n\t\t<\/li>\n\t\t\t<li id=\"post-1787\" class=\"post-1787 caso type-caso status-publish hentry category-casos tematicas-indigenas-quilombolas-e-comunidades-tradicionais ano-inicial-123 fase-efetivacao fase-recursal tecnica-processual-chamamento-de-interessados tecnica-processual-multa-coercitiva material-casos competencia-justica-federal polo-ativo-associacao polo-ativo-ministerio-publico polo-passivo-autarquia tipos-de-decisao-julgamento abrangencia-local classe-processual-acao-civil-publica\">\n\t\t\t<a href=\"http:\/\/www.politicaeprocesso.ufpr.br\/index.php\/caso\/acp-comunidade-quilombola-campos-dos-polis\/\">\n\t\t\t\t\t\t\t\t<h4 class=\"title\"><span style=\"color: #f4b300;\">ACP Comunidade Quilombola Campos dos Polis (SC)<\/span><\/h4>\n\t\t\t<\/a>\n\t\t<\/li>\n\t\t\t<li id=\"post-1810\" class=\"post-1810 caso type-caso status-publish hentry category-casos tematicas-ordem-financeira-economica-tributaria ano-inicial-123 fase-encerrado tecnica-processual-multa-coercitiva material-casos competencia-justica-federal polo-ativo-autarquia polo-passivo-empresa-privada polo-passivo-particular tipos-de-decisao-julgamento abrangencia-estadual classe-processual-acao-civil-publica\">\n\t\t\t<a href=\"http:\/\/www.politicaeprocesso.ufpr.br\/index.php\/caso\/acp-oab-plano-de-saude-do-direito-rs\/\">\n\t\t\t\t\t\t\t\t<h4 class=\"title\"><span style=\"color: #f4b300;\">ACP OAB \u2013 &#8220;Plano de sa\u00fade do direito&#8221; (RS)<\/span><\/h4>\n\t\t\t<\/a>\n\t\t<\/li>\n\t\t\t<li id=\"post-1775\" class=\"post-1775 caso type-caso status-publish hentry category-casos tematicas-consumidor tematicas-ordem-financeira-economica-tributaria ano-inicial-119 fase-encerrado tecnica-processual-apresentacao-de-plano-para-cumprimento-da-decisao tecnica-processual-fiscalizacao-do-cumprimento-por-entidade-ou-orgao-publico tecnica-processual-multa-coercitiva tecnica-processual-prova-pericial material-casos competencia-justica-federal polo-ativo-ministerio-publico polo-passivo-agencia-reguladora polo-passivo-empresa-privada tipos-de-decisao-improcedencia abrangencia-local classe-processual-acao-civil-publica\">\n\t\t\t<a href=\"http:\/\/www.politicaeprocesso.ufpr.br\/index.php\/caso\/acp-portabilidade-oi-s-a-area-local-de-curitiba-pr\/\">\n\t\t\t\t\t\t\t\t<h4 class=\"title\"><span style=\"color: #f4b300;\">ACP Portabilidade Oi S.A. \u2013 \u00c1rea Local de Curitiba (PR)<\/span><\/h4>\n\t\t\t<\/a>\n\t\t<\/li>\n\t\t\t<li id=\"post-1812\" class=\"post-1812 caso type-caso status-publish hentry category-casos tematicas-saude ano-inicial-123 fase-recursal tecnica-processual-intimacao-de-autoridade-publica-para-cumprimento tecnica-processual-julgamento-antecipado-do-merito tecnica-processual-multa-coercitiva tecnica-processual-multa-coercitiva-direcionada-a-autoridade-ou-dirigente material-casos competencia-justica-federal polo-ativo-defensoria-publica polo-ativo-ministerio-publico polo-passivo-ente-federativo tipos-de-decisao-julgamento abrangencia-estadual classe-processual-acao-civil-publica\">\n\t\t\t<a href=\"http:\/\/www.politicaeprocesso.ufpr.br\/index.php\/caso\/acp-leitos-uti-adulto-e-infantil-tocantins-to\/\">\n\t\t\t\t\t\t\t\t<h4 class=\"title\"><span style=\"color: #f4b300;\">ACP Leitos UTI Adulto e Pedi\u00e1trica \u2013 Tocantins (TO)<\/span><\/h4>\n\t\t\t<\/a>\n\t\t<\/li>\n\t\t<\/ul><!-- .dpe-flexible-posts -->\n<\/div><\/div><\/div><div id=\"pgc-140-7-1\"  class=\"panel-grid-cell\" ><div id=\"panel-140-7-1-0\" class=\"so-panel widget widget_tribe-events-list-widget tribe-events-list-widget panel-first-child panel-last-child\" data-index=\"9\" ><div class=\"panel-widget-style panel-widget-style-for-140-7-1-0\" ><h3 class=\"widget-title\">Pr\u00f3ximos eventos<\/h3>\t<p>N\u00e3o h\u00e1 eventos se aproximando neste momento.<\/p>\n<\/div><\/div><\/div><\/div><\/div><div id=\"pg-140-8\"  class=\"panel-grid panel-has-style\" ><div class=\"siteorigin-panels-stretch panel-row-style panel-row-style-for-140-8\" style=\"text-align: center;padding: 0px 0; \" data-stretch-type=\"full\" data-overlay=\"true\" ><div id=\"pgc-140-8-0\"  class=\"panel-grid-cell\" ><div id=\"panel-140-8-0-0\" class=\"so-panel widget widget_sow-editor panel-first-child panel-last-child\" data-index=\"10\" ><div class=\"panel-widget-style panel-widget-style-for-140-8-0-0\" ><div class=\"so-widget-sow-editor so-widget-sow-editor-base\">\n<div class=\"siteorigin-widget-tinymce textwidget\">\n\t<hr \/>\n<p>\u00a0<\/p>\n<\/div>\n<\/div><\/div><\/div><\/div><\/div><\/div><div id=\"pg-140-9\"  class=\"panel-grid panel-has-style\" ><div class=\"siteorigin-panels-stretch panel-row-style panel-row-style-for-140-9\" style=\"text-align: center;padding: 40px 0; \" data-stretch-type=\"full\" data-overlay=\"true\" data-overlay-color=\"#000000\" ><div id=\"pgc-140-9-0\"  class=\"panel-grid-cell\" ><div id=\"panel-140-9-0-0\" class=\"so-panel widget widget_sydney_video_widget sydney_video_widget_widget panel-first-child\" data-index=\"11\" ><div style=\"text-align: left;\" data-title-color=\"#443f3f\" data-headings-color=\"#443f3f\" class=\"panel-widget-style panel-widget-style-for-140-9-0-0\" ><div class=\"sydney-video vid-normal\"><div class=\"video-overlay\"><div class=\"sydney-video-inner\"><span class=\"close-popup\"><i class=\"fa fa-times\"><\/i><\/span><\/div><\/div><div class=\"video-text\"><\/div><a href=\"#\" class=\"toggle-popup\"><i class=\"fa fa-play\"><\/i><\/a><\/div><\/div><\/div><div id=\"panel-140-9-0-1\" class=\"so-panel widget widget_sydney_video_widget sydney_video_widget_widget panel-last-child\" data-index=\"12\" ><div class=\"sydney-video vid-normal\"><div class=\"video-overlay\"><div class=\"sydney-video-inner\"><span class=\"close-popup\"><i class=\"fa fa-times\"><\/i><\/span><\/div><\/div><div class=\"video-text\"><\/div><a href=\"#\" class=\"toggle-popup\"><i class=\"fa fa-play\"><\/i><\/a><\/div><\/div><\/div><div id=\"pgc-140-9-1\"  class=\"panel-grid-cell\" ><div id=\"panel-140-9-1-0\" class=\"so-panel widget widget_sydney_video_widget sydney_video_widget_widget panel-first-child\" data-index=\"13\" ><div class=\"sydney-video vid-normal\"><div class=\"video-overlay\"><div class=\"sydney-video-inner\"><span class=\"close-popup\"><i class=\"fa fa-times\"><\/i><\/span><\/div><\/div><div class=\"video-text\"><\/div><a href=\"#\" class=\"toggle-popup\"><i class=\"fa fa-play\"><\/i><\/a><\/div><\/div><div id=\"panel-140-9-1-1\" class=\"so-panel widget widget_sydney_video_widget sydney_video_widget_widget panel-last-child\" data-index=\"14\" ><div class=\"sydney-video vid-normal\"><div class=\"video-overlay\"><div class=\"sydney-video-inner\"><span class=\"close-popup\"><i class=\"fa fa-times\"><\/i><\/span><\/div><\/div><div class=\"video-text\"><\/div><a href=\"#\" class=\"toggle-popup\"><i class=\"fa fa-play\"><\/i><\/a><\/div><\/div><\/div><\/div><\/div><div id=\"pg-140-10\"  class=\"panel-grid panel-has-style\" ><div class=\"siteorigin-panels-stretch panel-row-style panel-row-style-for-140-10\" style=\"text-align: center;padding: 40px 0; \" data-stretch-type=\"full\" data-overlay=\"true\" data-overlay-color=\"#000000\" ><div id=\"pgc-140-10-0\"  class=\"panel-grid-cell\" ><div id=\"panel-140-10-0-0\" class=\"so-panel widget widget_sydney_video_widget sydney_video_widget_widget panel-first-child panel-last-child\" data-index=\"15\" ><div style=\"text-align: left;\" data-title-color=\"#443f3f\" data-headings-color=\"#443f3f\" class=\"panel-widget-style panel-widget-style-for-140-10-0-0\" ><div class=\"sydney-video vid-normal\"><div class=\"video-overlay\"><div class=\"sydney-video-inner\"><span class=\"close-popup\"><i class=\"fa fa-times\"><\/i><\/span><\/div><\/div><div class=\"video-text\"><\/div><a href=\"#\" class=\"toggle-popup\"><i class=\"fa fa-play\"><\/i><\/a><\/div><\/div><\/div><\/div><\/div><\/div><\/div>","protected":false},"excerpt":{"rendered":"<p>\u00a0 \u00a0 \u00a0 N\u00famero do processo: Classe processual:\u00a0 \u00d3rg\u00e3o judicial:\u00a0 Abrang\u00eancia:\u00a0 Data de ajuizamento:\u00a0 Status:\u00a0<\/p>\n","protected":false},"author":1,"featured_media":0,"parent":0,"menu_order":0,"comment_status":"closed","ping_status":"closed","template":"page-templates\/page_front-page.php","meta":[],"categories":[],"tags":[],"material":[],"_links":{"self":[{"href":"http:\/\/www.politicaeprocesso.ufpr.br\/index.php\/wp-json\/wp\/v2\/pages\/140"}],"collection":[{"href":"http:\/\/www.politicaeprocesso.ufpr.br\/index.php\/wp-json\/wp\/v2\/pages"}],"about":[{"href":"http:\/\/www.politicaeprocesso.ufpr.br\/index.php\/wp-json\/wp\/v2\/types\/page"}],"author":[{"embeddable":true,"href":"http:\/\/www.politicaeprocesso.ufpr.br\/index.php\/wp-json\/wp\/v2\/users\/1"}],"replies":[{"embeddable":true,"href":"http:\/\/www.politicaeprocesso.ufpr.br\/index.php\/wp-json\/wp\/v2\/comments?post=140"}],"version-history":[{"count":77,"href":"http:\/\/www.politicaeprocesso.ufpr.br\/index.php\/wp-json\/wp\/v2\/pages\/140\/revisions"}],"predecessor-version":[{"id":2017,"href":"http:\/\/www.politicaeprocesso.ufpr.br\/index.php\/wp-json\/wp\/v2\/pages\/140\/revisions\/2017"}],"wp:attachment":[{"href":"http:\/\/www.politicaeprocesso.ufpr.br\/index.php\/wp-json\/wp\/v2\/media?parent=140"}],"wp:term":[{"taxonomy":"category","embeddable":true,"href":"http:\/\/www.politicaeprocesso.ufpr.br\/index.php\/wp-json\/wp\/v2\/categories?post=140"},{"taxonomy":"post_tag","embeddable":true,"href":"http:\/\/www.politicaeprocesso.ufpr.br\/index.php\/wp-json\/wp\/v2\/tags?post=140"},{"taxonomy":"material","embeddable":true,"href":"http:\/\/www.politicaeprocesso.ufpr.br\/index.php\/wp-json\/wp\/v2\/material?post=140"}],"curies":[{"name":"wp","href":"https:\/\/api.w.org\/{rel}","templated":true}]}}